{"id":364,"date":"2024-11-03T16:16:14","date_gmt":"2024-11-03T13:16:14","guid":{"rendered":"http:\/\/www.bychemgroup.com\/?page_id=364"},"modified":"2024-11-04T13:28:58","modified_gmt":"2024-11-04T10:28:58","slug":"mutfak-urunleri","status":"publish","type":"page","link":"http:\/\/www.bychemgroup.com\/index.php\/mutfak-urunleri\/","title":{"rendered":"Mutfak \u00dcr\u00fcnleri"},"content":{"rendered":"\t\t<div data-elementor-type=\"wp-page\" data-elementor-id=\"364\" class=\"elementor elementor-364\">\n\t\t\t\t\t\t<section class=\"elementor-section elementor-top-section elementor-element elementor-element-f6de02b elementor-section-full_width aux-appear-watch-animation aux-mask-from-left elementor-section-height-default elementor-section-height-default\" data-id=\"f6de02b\" data-element_type=\"section\" data-e-type=\"section\" data-settings=\"{&quot;background_background&quot;:&quot;classic&quot;}\">\n\t\t\t\t\t\t\t<div class=\"elementor-background-overlay\"><\/div>\n\t\t\t\t\t\t\t<div class=\"elementor-container elementor-column-gap-no\">\n\t\t\t\t\t<div class=\"aux-parallax-section elementor-column elementor-col-100 elementor-top-column elementor-element elementor-element-2a31d4e\" data-id=\"2a31d4e\" data-element_type=\"column\" data-e-type=\"column\">\n\t\t\t<div class=\"elementor-widget-wrap elementor-element-populated\">\n\t\t\t\t\t\t<div class=\"elementor-element elementor-element-fa32d1c elementor-widget elementor-widget-image\" data-id=\"fa32d1c\" data-element_type=\"widget\" data-e-type=\"widget\" data-widget_type=\"image.default\">\n\t\t\t\t<div class=\"elementor-widget-container\">\n\t\t\t\t\t\t\t\t\t\t\t\t\t\t\t<img fetchpriority=\"high\" decoding=\"async\" width=\"768\" height=\"300\" src=\"http:\/\/www.bychemgroup.com\/wp-content\/uploads\/2024\/11\/cleantecpro-m.png\" class=\"attachment-large size-large wp-image-374\" alt=\"\" srcset=\"http:\/\/www.bychemgroup.com\/wp-content\/uploads\/2024\/11\/cleantecpro-m.png 768w, http:\/\/www.bychemgroup.com\/wp-content\/uploads\/2024\/11\/cleantecpro-m-200x78.png 200w\" sizes=\"(max-width: 768px) 100vw, 768px\" \/>\t\t\t\t\t\t\t\t\t\t\t\t\t\t\t<\/div>\n\t\t\t\t<\/div>\n\t\t\t\t<div class=\"elementor-element elementor-element-e13b387 aux-appear-watch-animation aux-fade-in-up-1 elementor-widget elementor-widget-aux_modern_heading\" data-id=\"e13b387\" data-element_type=\"widget\" data-e-type=\"widget\" data-widget_type=\"aux_modern_heading.default\">\n\t\t\t\t<div class=\"elementor-widget-container\">\n\t\t\t\t\t<section class=\"aux-widget-modern-heading\">\n            <div class=\"aux-widget-inner\"><h5 class=\"aux-modern-heading-primary\"><\/h5><h3 class=\"aux-modern-heading-secondary\"><span class=\"aux-head-before\">Profesyonel \u00dcr\u00fcnlerimiz<\/span><\/h3><\/div>\n        <\/section>\t\t\t\t<\/div>\n\t\t\t\t<\/div>\n\t\t\t\t<div class=\"elementor-element elementor-element-3e01d7e elementor-widget elementor-widget-spacer\" data-id=\"3e01d7e\" data-element_type=\"widget\" data-e-type=\"widget\" data-widget_type=\"spacer.default\">\n\t\t\t\t<div class=\"elementor-widget-container\">\n\t\t\t\t\t\t\t<div class=\"elementor-spacer\">\n\t\t\t<div class=\"elementor-spacer-inner\"><\/div>\n\t\t<\/div>\n\t\t\t\t\t\t<\/div>\n\t\t\t\t<\/div>\n\t\t\t\t<section class=\"elementor-section elementor-inner-section elementor-element elementor-element-82bd24b elementor-section-boxed elementor-section-height-default elementor-section-height-default\" data-id=\"82bd24b\" data-element_type=\"section\" data-e-type=\"section\">\n\t\t\t\t\t\t<div class=\"elementor-container elementor-column-gap-no\">\n\t\t\t\t\t<div class=\"aux-parallax-section elementor-column elementor-col-100 elementor-inner-column elementor-element elementor-element-f984a7c aux-appear-watch-animation aux-fade-in-right-1\" data-id=\"f984a7c\" data-element_type=\"column\" data-e-type=\"column\">\n\t\t\t<div class=\"elementor-widget-wrap elementor-element-populated\">\n\t\t\t\t\t\t<div class=\"elementor-element elementor-element-faf25d4 elementor-position-left elementor-vertical-align-top elementor-widget elementor-widget-image-box\" data-id=\"faf25d4\" data-element_type=\"widget\" data-e-type=\"widget\" data-widget_type=\"image-box.default\">\n\t\t\t\t<div class=\"elementor-widget-container\">\n\t\t\t\t\t<div class=\"elementor-image-box-wrapper\"><figure class=\"elementor-image-box-img\"><img decoding=\"async\" src=\"http:\/\/www.bychemgroup.com\/wp-content\/uploads\/elementor\/thumbs\/urunler-m-qwikt8g19r2wrkua7u4bsqkdc3c5yyjm1dmvwgojgo.jpg\" title=\"urunler-m\" alt=\"urunler-m\" loading=\"lazy\" \/><\/figure><div class=\"elementor-image-box-content\"><h3 class=\"elementor-image-box-title\">Mutfak \u00dcr\u00fcnleri<\/h3><p class=\"elementor-image-box-description\">Profesyonel mutfaklarda hijyen, i\u015fletmenizin ba\u015far\u0131s\u0131 ve g\u00fcvenli\u011fi i\u00e7in en \u00f6nemli unsurlardan biridir. End\u00fcstriyel mutfak temizlik \u00fcr\u00fcnlerimiz, hijyen standartlar\u0131n\u0131z\u0131 en \u00fcst d\u00fczeye \u00e7\u0131kararak mutfa\u011f\u0131n\u0131zda g\u00fcvenle \u00e7al\u0131\u015fman\u0131z\u0131 sa\u011flar. Y\u00fcksek kaliteli \u00fcr\u00fcnlerimizle ya\u011f kal\u0131nt\u0131lar\u0131n\u0131, kirleri ve bakterileri etkili bir \u015fekilde temizler, parlak ve hijyenik bir ortam olu\u015fturur.\n\nG\u00fc\u00e7l\u00fc Ya\u011f \u00c7\u00f6z\u00fcc\u00fcler: Zorlu ya\u011f lekelerini h\u0131zl\u0131 ve etkili bir \u015fekilde \u00e7\u00f6zer, y\u00fczeylerde kal\u0131nt\u0131 b\u0131rakmadan temizler.\n\u00c7ok Ama\u00e7l\u0131 Temizleyiciler: Paslanmaz \u00e7elik, seramik, cam gibi farkl\u0131 y\u00fczeylerde g\u00fcvenle kullan\u0131l\u0131r, \u00e7ok y\u00f6nl\u00fc temizlik sa\u011flar.\nDezenfektan \u00dcr\u00fcnler: G\u0131da g\u00fcvenli\u011fi i\u00e7in \u00f6zel form\u00fcllerle \u00fcretilmi\u015ftir; bakterilere ve vir\u00fcslere kar\u015f\u0131 \u00fcst\u00fcn koruma sunar.\n\u00c7evre Dostu \u00dcr\u00fcnler: Do\u011fa dostu ve biyolojik olarak par\u00e7alanabilen i\u00e7eriklerle, hem \u00e7evreye duyarl\u0131 hem de etkili temizlik sa\u011flar.\nMutfak personelinizin sa\u011fl\u0131\u011f\u0131n\u0131 korurken ayn\u0131 zamanda g\u0131da g\u00fcvenli\u011fi standartlar\u0131n\u0131 destekleyen \u00fcr\u00fcnlerimiz ile i\u015fletmenizin hijyen \u00e7\u0131tas\u0131n\u0131 y\u00fckseltin.\n\nG\u00fcvenilir, etkili ve kullan\u0131c\u0131 dostu end\u00fcstriyel mutfak temizlik \u00e7\u00f6z\u00fcmlerimizi inceleyin; mutfa\u011f\u0131n\u0131z\u0131n ihtiya\u00e7 duydu\u011fu hijyen ve temizlik \u00fcr\u00fcnleri i\u00e7in do\u011fru se\u00e7imi yap\u0131n.<\/p><\/div><\/div>\t\t\t\t<\/div>\n\t\t\t\t<\/div>\n\t\t\t\t\t<\/div>\n\t\t<\/div>\n\t\t\t\t\t<\/div>\n\t\t<\/section>\n\t\t\t\t\t<\/div>\n\t\t<\/div>\n\t\t\t\t\t<\/div>\n\t\t<\/section>\n\t\t\t\t<section class=\"elementor-section elementor-top-section elementor-element elementor-element-abdd43b elementor-section-boxed elementor-section-height-default elementor-section-height-default\" data-id=\"abdd43b\" data-element_type=\"section\" data-e-type=\"section\">\n\t\t\t\t\t\t<div class=\"elementor-container elementor-column-gap-default\">\n\t\t\t\t\t<div class=\"aux-parallax-section elementor-column elementor-col-100 elementor-top-column elementor-element elementor-element-5c46df2\" data-id=\"5c46df2\" data-element_type=\"column\" data-e-type=\"column\">\n\t\t\t<div class=\"elementor-widget-wrap elementor-element-populated\">\n\t\t\t\t\t\t<div class=\"elementor-element elementor-element-641d22c elementor-widget elementor-widget-spacer\" data-id=\"641d22c\" data-element_type=\"widget\" data-e-type=\"widget\" data-widget_type=\"spacer.default\">\n\t\t\t\t<div class=\"elementor-widget-container\">\n\t\t\t\t\t\t\t<div class=\"elementor-spacer\">\n\t\t\t<div class=\"elementor-spacer-inner\"><\/div>\n\t\t<\/div>\n\t\t\t\t\t\t<\/div>\n\t\t\t\t<\/div>\n\t\t\t\t\t<\/div>\n\t\t<\/div>\n\t\t\t\t\t<\/div>\n\t\t<\/section>\n\t\t\t\t<section class=\"elementor-section elementor-top-section elementor-element elementor-element-11d98a3 elementor-section-boxed elementor-section-height-default elementor-section-height-default\" data-id=\"11d98a3\" data-element_type=\"section\" data-e-type=\"section\">\n\t\t\t\t\t\t<div class=\"elementor-container elementor-column-gap-default\">\n\t\t\t\t\t<div class=\"aux-parallax-section elementor-column elementor-col-100 elementor-top-column elementor-element elementor-element-3bbc7c7\" data-id=\"3bbc7c7\" data-element_type=\"column\" data-e-type=\"column\">\n\t\t\t<div class=\"elementor-widget-wrap\">\n\t\t\t\t\t\t\t<\/div>\n\t\t<\/div>\n\t\t\t\t\t<\/div>\n\t\t<\/section>\n\t\t\t\t<section class=\"elementor-section elementor-top-section elementor-element elementor-element-874dd60 elementor-section-boxed elementor-section-height-default elementor-section-height-default\" data-id=\"874dd60\" data-element_type=\"section\" data-e-type=\"section\">\n\t\t\t\t\t\t<div class=\"elementor-container elementor-column-gap-default\">\n\t\t\t\t\t<div class=\"aux-parallax-section elementor-column elementor-col-100 elementor-top-column elementor-element elementor-element-9da60a5\" data-id=\"9da60a5\" data-element_type=\"column\" data-e-type=\"column\">\n\t\t\t<div class=\"elementor-widget-wrap elementor-element-populated\">\n\t\t\t\t\t\t<div class=\"elementor-element elementor-element-74520ed elementor-widget elementor-widget-aux_accordion\" data-id=\"74520ed\" data-element_type=\"widget\" data-e-type=\"widget\" data-widget_type=\"aux_accordion.default\">\n\t\t\t\t<div class=\"elementor-widget-container\">\n\t\t\t\t\t<section class=\"widget-container aux-widget-accordion widget-toggle aux-parent-au7832767c\" style=\"\" ><div class=\"widget-inner  aux-type-toggle\" data-toggle=\"true\"><section class=\"aux-toggle-item\"><h5 id=\"aux-toggle-header-1211\" class=\"aux-toggle-header toggle-header\" tabindex=\"1211\" role=\"tab\" aria-controls=\"aux-toggle-content-1211\" >KONSANTRE MUTFAK H\u0130JYEN S\u0130STEM \u00dcR\u00dcNLER\u0130<\/h5><div id=\"aux-toggle-content-1211\" class=\"aux-toggle-content toggle-content\" tabindex=\"1211\" role=\"tabpanel\" aria-labelledby=\"aux-toggle-header-1211\" ><p><table width=\"769\"><tbody><tr><td width=\"103\">MK001-C<\/td><td width=\"666\">Konsantre elde bula\u015f\u0131k y\u0131kama deterjan\u0131 (\u00f6zel seyreltme aparat\u0131 ile kullan\u0131l\u0131r.)<\/td><\/tr><tr><td>MK001-P<\/td><td>Konsantre elde bula\u015f\u0131k y\u0131kama deterjan\u0131 (\u00f6zel seyreltme aparat\u0131 ile kullan\u0131l\u0131r.)<\/td><\/tr><tr><td>MK002-C<\/td><td>Konsantre elde bula\u015f\u0131k y\u0131kama deterjan\u0131 (\u00f6zel seyreltme aparat\u0131 ile kullan\u0131l\u0131r.)<\/td><\/tr><tr><td>MK002-P<\/td><td>Konsantre qac bazl\u0131 temizlik ve hijyen \u00fcr\u00fcn\u00fc (\u00f6zel seyreltme aparat\u0131 ile kullan\u0131l\u0131r)<\/td><\/tr><tr><td>MK003-C<\/td><td>Konsantre qac bazl\u0131 temizlik ve hijyen \u00fcr\u00fcn\u00fc (\u00f6zel seyreltme aparat\u0131 ile kullan\u0131l\u0131r)<\/td><\/tr><tr><td>MK003-P<\/td><td>Konsantre qac bazl\u0131 temizlik ve hijyen \u00fcr\u00fcn\u00fc (\u00f6zel seyreltme aparat\u0131 ile kullan\u0131l\u0131r)<\/td><\/tr><tr><td>MK004-C<\/td><td>Konsantre yan\u0131k ya\u011f ve karbon s\u00f6k\u00fcc\u00fc soguk y\u00fczeylere uygun (\u00f6zel seyreltme aparat\u0131 ile kullan\u0131l\u0131r)<\/td><\/tr><tr><td>MK004-P<\/td><td>Konsantre yan\u0131k ya\u011f ve karbon s\u00f6k\u00fcc\u00fc soguk y\u00fczeylere uygun (\u00f6zel seyreltme aparat\u0131 ile kullan\u0131l\u0131r)<\/td><\/tr><\/tbody><\/table><\/p><\/div><\/section><section class=\"aux-toggle-item\"><h5 id=\"aux-toggle-header-1212\" class=\"aux-toggle-header toggle-header\" tabindex=\"1212\" role=\"tab\" aria-controls=\"aux-toggle-content-1212\" >BULA\u015eIK YIKAMA VE YARDIMCI \u00dcR\u00dcNLER\u0130<\/h5><div id=\"aux-toggle-content-1212\" class=\"aux-toggle-content toggle-content\" tabindex=\"1212\" role=\"tabpanel\" aria-labelledby=\"aux-toggle-header-1212\" ><p><table width=\"769\"><tbody><tr><td width=\"103\">BY001-20<\/td><td width=\"666\">Konsantre klor i\u00e7erikli ya\u011f ve kir s\u00f6k\u00fcc\u00fc (\u00f6zel seyreltme aparat\u0131 ile kullan\u0131l\u0131r)<\/td><\/tr><tr><td>BY001-5<\/td><td>Konsantre klor i\u00e7erikli ya\u011f ve kir s\u00f6k\u00fcc\u00fc (\u00f6zel seyreltme aparat\u0131 ile kullan\u0131l\u0131r)<\/td><\/tr><tr><td>BY001-1<\/td><td>Konsantre klor i\u00e7erikli ya\u011f ve kir s\u00f6k\u00fcc\u00fc (\u00f6zel seyreltme aparat\u0131 ile kullan\u0131l\u0131r)<\/td><\/tr><tr><td>BY002-20<\/td><td>Hijyenik\u00a0 elde bula\u015f\u0131k y\u0131kama deterjan\u0131 limon \/ sar\u0131<\/td><\/tr><tr><td>BY002-5<\/td><td>Hijyenik\u00a0 elde bula\u015f\u0131k y\u0131kama deterjan\u0131 limon \/ sar\u0131<\/td><\/tr><tr><td>BY003-20<\/td><td>Hijyenik\u00a0 elde bula\u015f\u0131k y\u0131kama deterjan\u0131 limon \/ ye\u015fil<\/td><\/tr><tr><td>BY003-5<\/td><td>Hijyenik\u00a0 elde bula\u015f\u0131k y\u0131kama deterjan\u0131 limon \/ ye\u015fil<\/td><\/tr><tr><td>BY004-23<\/td><td>Y\u00fcksek aktifli elde bula\u015f\u0131k y\u0131kama\u00a0 deterjan\u0131 sar\u0131\/limon<\/td><\/tr><tr><td>BY004-11<\/td><td>Y\u00fcksek aktifli elde bula\u015f\u0131k y\u0131kama\u00a0 deterjan\u0131 sar\u0131\/limon<\/td><\/tr><tr><td>BY005-20<\/td><td>Y\u00fcksek aktifli elde bula\u015f\u0131k y\u0131kama deterjan\u0131 ye\u015fil \/ elma\u00a0<\/td><\/tr><tr><td>BY005-10<\/td><td>Y\u00fcksek aktifli elde bula\u015f\u0131k y\u0131kama deterjan\u0131 ye\u015fil \/ elma\u00a0<\/td><\/tr><tr><td>BY006-22<\/td><td>Ends. Bula\u015f\u0131k makinesi deterjan\u0131\u00a0 (sert sular i\u00e7in)<\/td><\/tr><tr><td>BY007-20<\/td><td>Ends. Bula\u015f\u0131k makinesi deterjan\u0131\u00a0 (sert sular i\u00e7in)<\/td><\/tr><tr><td>BY008-25<\/td><td>Ends. Bula\u015f\u0131k makinesi deterjan\u0131\u00a0 (sert sular i\u00e7in)<\/td><\/tr><tr><td>BY008-12<\/td><td>Ends. Bula\u015f\u0131k makinesi deterjan\u0131\u00a0 (sert sular i\u00e7in)<\/td><\/tr><tr><td>BY009-20<\/td><td>Ends. Bula\u015f\u0131k makinesi durulama maddesi\u00a0 (sert sular i\u00e7in)<\/td><\/tr><\/tbody><\/table><\/p><\/div><\/section><\/div><\/section><!-- widget-container -->\t\t\t\t<\/div>\n\t\t\t\t<\/div>\n\t\t\t\t\t<\/div>\n\t\t<\/div>\n\t\t\t\t\t<\/div>\n\t\t<\/section>\n\t\t\t\t<section class=\"elementor-section elementor-top-section elementor-element elementor-element-ae78a5f elementor-section-boxed elementor-section-height-default elementor-section-height-default\" data-id=\"ae78a5f\" data-element_type=\"section\" data-e-type=\"section\">\n\t\t\t\t\t\t<div class=\"elementor-container elementor-column-gap-default\">\n\t\t\t\t\t<div class=\"aux-parallax-section elementor-column elementor-col-100 elementor-top-column elementor-element elementor-element-8984bb5\" data-id=\"8984bb5\" data-element_type=\"column\" data-e-type=\"column\">\n\t\t\t<div class=\"elementor-widget-wrap elementor-element-populated\">\n\t\t\t\t\t\t<div class=\"elementor-element elementor-element-631f9bd elementor-widget elementor-widget-aux_modern_button\" data-id=\"631f9bd\" data-element_type=\"widget\" data-e-type=\"widget\" data-widget_type=\"aux_modern_button.default\">\n\t\t\t\t<div class=\"elementor-widget-container\">\n\t\t\t\t\t    <div class=\"aux-modern-button-wrapper aux-modern-button-align-center\" >\n                    <a class=\"aux-modern-button aux-black aux-modern-button-md aux-modern-button-normal aux-modern-button-default aux-icon-\" href=\"http:\/\/www.bychemgroup.com\/index.php\/urunler-2\/\">\n                <div class=\"aux-overlay\"><\/div>\n                                    <div class=\"aux-icon \">\n                                            <\/div>\n                                <div class=\"aux-text\">\n<span class=\"aux-text-before\">T\u00fcm \u00dcr\u00fcnler<\/span>                <\/div>\n            <\/a>\n            \n    <\/div>\n\n    \t\t\t\t<\/div>\n\t\t\t\t<\/div>\n\t\t\t\t\t<\/div>\n\t\t<\/div>\n\t\t\t\t\t<\/div>\n\t\t<\/section>\n\t\t\t\t<\/div>\n\t\t","protected":false},"excerpt":{"rendered":"<p>Profesyonel \u00dcr\u00fcnlerimiz Mutfak \u00dcr\u00fcnleri Profesyonel mutfaklarda hijyen, i\u015fletmenizin ba\u015far\u0131s\u0131 ve g\u00fcvenli\u011fi i\u00e7in en \u00f6nemli unsurlardan biridir. End\u00fcstriyel mutfak temizlik \u00fcr\u00fcnlerimiz, hijyen standartlar\u0131n\u0131z\u0131 en \u00fcst d\u00fczeye \u00e7\u0131kararak mutfa\u011f\u0131n\u0131zda g\u00fcvenle \u00e7al\u0131\u015fman\u0131z\u0131 sa\u011flar. Y\u00fcksek kaliteli \u00fcr\u00fcnlerimizle ya\u011f kal\u0131nt\u0131lar\u0131n\u0131, kirleri ve bakterileri etkili bir \u015fekilde temizler, parlak ve hijyenik bir ortam olu\u015fturur. G\u00fc\u00e7l\u00fc Ya\u011f \u00c7\u00f6z\u00fcc\u00fcler: Zorlu ya\u011f lekelerini h\u0131zl\u0131 [&hellip;]<\/p>\n","protected":false},"author":1,"featured_media":0,"parent":0,"menu_order":0,"comment_status":"closed","ping_status":"closed","template":"","meta":{"footnotes":""},"class_list":["post-364","page","type-page","status-publish","hentry"],"yoast_head":"<!-- This site is optimized with the Yoast SEO plugin v27.4 - https:\/\/yoast.com\/product\/yoast-seo-wordpress\/ -->\n<title>Mutfak \u00dcr\u00fcnleri - BYChemGroup<\/title>\n<meta name=\"robots\" content=\"index, follow, max-snippet:-1, max-image-preview:large, max-video-preview:-1\" \/>\n<link rel=\"canonical\" href=\"http:\/\/www.bychemgroup.com\/index.php\/mutfak-urunleri\/\" \/>\n<meta property=\"og:locale\" content=\"en_US\" \/>\n<meta property=\"og:type\" content=\"article\" \/>\n<meta property=\"og:title\" content=\"Mutfak \u00dcr\u00fcnleri - BYChemGroup\" \/>\n<meta property=\"og:description\" content=\"Profesyonel \u00dcr\u00fcnlerimiz Mutfak \u00dcr\u00fcnleri Profesyonel mutfaklarda hijyen, i\u015fletmenizin ba\u015far\u0131s\u0131 ve g\u00fcvenli\u011fi i\u00e7in en \u00f6nemli unsurlardan biridir. End\u00fcstriyel mutfak temizlik \u00fcr\u00fcnlerimiz, hijyen standartlar\u0131n\u0131z\u0131 en \u00fcst d\u00fczeye \u00e7\u0131kararak mutfa\u011f\u0131n\u0131zda g\u00fcvenle \u00e7al\u0131\u015fman\u0131z\u0131 sa\u011flar. Y\u00fcksek kaliteli \u00fcr\u00fcnlerimizle ya\u011f kal\u0131nt\u0131lar\u0131n\u0131, kirleri ve bakterileri etkili bir \u015fekilde temizler, parlak ve hijyenik bir ortam olu\u015fturur. G\u00fc\u00e7l\u00fc Ya\u011f \u00c7\u00f6z\u00fcc\u00fcler: Zorlu ya\u011f lekelerini h\u0131zl\u0131 [&hellip;]\" \/>\n<meta property=\"og:url\" content=\"http:\/\/www.bychemgroup.com\/index.php\/mutfak-urunleri\/\" \/>\n<meta property=\"og:site_name\" content=\"BYChemGroup\" \/>\n<meta property=\"article:modified_time\" content=\"2024-11-04T10:28:58+00:00\" \/>\n<meta property=\"og:image\" content=\"http:\/\/www.bychemgroup.com\/wp-content\/uploads\/2024\/11\/cleantecpro-m.png\" \/>\n\t<meta property=\"og:image:width\" content=\"768\" \/>\n\t<meta property=\"og:image:height\" content=\"300\" \/>\n\t<meta property=\"og:image:type\" content=\"image\/png\" \/>\n<meta name=\"twitter:card\" content=\"summary_large_image\" \/>\n<meta name=\"twitter:site\" content=\"@bychemgroup\" \/>\n<meta name=\"twitter:label1\" content=\"Est. reading time\" \/>\n\t<meta name=\"twitter:data1\" content=\"3 minutes\" \/>\n<script type=\"application\/ld+json\" class=\"yoast-schema-graph\">{\"@context\":\"https:\\\/\\\/schema.org\",\"@graph\":[{\"@type\":\"WebPage\",\"@id\":\"http:\\\/\\\/www.bychemgroup.com\\\/index.php\\\/mutfak-urunleri\\\/\",\"url\":\"http:\\\/\\\/www.bychemgroup.com\\\/index.php\\\/mutfak-urunleri\\\/\",\"name\":\"Mutfak \u00dcr\u00fcnleri - BYChemGroup\",\"isPartOf\":{\"@id\":\"http:\\\/\\\/www.bychemgroup.com\\\/#website\"},\"primaryImageOfPage\":{\"@id\":\"http:\\\/\\\/www.bychemgroup.com\\\/index.php\\\/mutfak-urunleri\\\/#primaryimage\"},\"image\":{\"@id\":\"http:\\\/\\\/www.bychemgroup.com\\\/index.php\\\/mutfak-urunleri\\\/#primaryimage\"},\"thumbnailUrl\":\"http:\\\/\\\/www.bychemgroup.com\\\/wp-content\\\/uploads\\\/2024\\\/11\\\/cleantecpro-m.png\",\"datePublished\":\"2024-11-03T13:16:14+00:00\",\"dateModified\":\"2024-11-04T10:28:58+00:00\",\"breadcrumb\":{\"@id\":\"http:\\\/\\\/www.bychemgroup.com\\\/index.php\\\/mutfak-urunleri\\\/#breadcrumb\"},\"inLanguage\":\"en\",\"potentialAction\":[{\"@type\":\"ReadAction\",\"target\":[\"http:\\\/\\\/www.bychemgroup.com\\\/index.php\\\/mutfak-urunleri\\\/\"]}]},{\"@type\":\"ImageObject\",\"inLanguage\":\"en\",\"@id\":\"http:\\\/\\\/www.bychemgroup.com\\\/index.php\\\/mutfak-urunleri\\\/#primaryimage\",\"url\":\"http:\\\/\\\/www.bychemgroup.com\\\/wp-content\\\/uploads\\\/2024\\\/11\\\/cleantecpro-m.png\",\"contentUrl\":\"http:\\\/\\\/www.bychemgroup.com\\\/wp-content\\\/uploads\\\/2024\\\/11\\\/cleantecpro-m.png\"},{\"@type\":\"BreadcrumbList\",\"@id\":\"http:\\\/\\\/www.bychemgroup.com\\\/index.php\\\/mutfak-urunleri\\\/#breadcrumb\",\"itemListElement\":[{\"@type\":\"ListItem\",\"position\":1,\"name\":\"Home\",\"item\":\"http:\\\/\\\/www.bychemgroup.com\\\/\"},{\"@type\":\"ListItem\",\"position\":2,\"name\":\"Mutfak \u00dcr\u00fcnleri\"}]},{\"@type\":\"WebSite\",\"@id\":\"http:\\\/\\\/www.bychemgroup.com\\\/#website\",\"url\":\"http:\\\/\\\/www.bychemgroup.com\\\/\",\"name\":\"BYChemGroup\",\"description\":\"Innovative Industrial Solutions\",\"publisher\":{\"@id\":\"http:\\\/\\\/www.bychemgroup.com\\\/#organization\"},\"potentialAction\":[{\"@type\":\"SearchAction\",\"target\":{\"@type\":\"EntryPoint\",\"urlTemplate\":\"http:\\\/\\\/www.bychemgroup.com\\\/?s={search_term_string}\"},\"query-input\":{\"@type\":\"PropertyValueSpecification\",\"valueRequired\":true,\"valueName\":\"search_term_string\"}}],\"inLanguage\":\"en\"},{\"@type\":\"Organization\",\"@id\":\"http:\\\/\\\/www.bychemgroup.com\\\/#organization\",\"name\":\"BYChemGroup\",\"url\":\"http:\\\/\\\/www.bychemgroup.com\\\/\",\"logo\":{\"@type\":\"ImageObject\",\"inLanguage\":\"en\",\"@id\":\"http:\\\/\\\/www.bychemgroup.com\\\/#\\\/schema\\\/logo\\\/image\\\/\",\"url\":\"http:\\\/\\\/www.bychemgroup.com\\\/wp-content\\\/uploads\\\/2024\\\/11\\\/sitelog179x99o.png\",\"contentUrl\":\"http:\\\/\\\/www.bychemgroup.com\\\/wp-content\\\/uploads\\\/2024\\\/11\\\/sitelog179x99o.png\",\"width\":179,\"height\":99,\"caption\":\"BYChemGroup\"},\"image\":{\"@id\":\"http:\\\/\\\/www.bychemgroup.com\\\/#\\\/schema\\\/logo\\\/image\\\/\"},\"sameAs\":[\"https:\\\/\\\/x.com\\\/bychemgroup\",\"https:\\\/\\\/www.instagram.com\\\/bychemgroup\",\"https:\\\/\\\/www.linkedin.com\\\/company\\\/bychem-group\\\/\",\"https:\\\/\\\/www.youtube.com\\\/@bychemgroup\"]}]}<\/script>\n<!-- \/ Yoast SEO plugin. -->","yoast_head_json":{"title":"Mutfak \u00dcr\u00fcnleri - BYChemGroup","robots":{"index":"index","follow":"follow","max-snippet":"max-snippet:-1","max-image-preview":"max-image-preview:large","max-video-preview":"max-video-preview:-1"},"canonical":"http:\/\/www.bychemgroup.com\/index.php\/mutfak-urunleri\/","og_locale":"en_US","og_type":"article","og_title":"Mutfak \u00dcr\u00fcnleri - BYChemGroup","og_description":"Profesyonel \u00dcr\u00fcnlerimiz Mutfak \u00dcr\u00fcnleri Profesyonel mutfaklarda hijyen, i\u015fletmenizin ba\u015far\u0131s\u0131 ve g\u00fcvenli\u011fi i\u00e7in en \u00f6nemli unsurlardan biridir. End\u00fcstriyel mutfak temizlik \u00fcr\u00fcnlerimiz, hijyen standartlar\u0131n\u0131z\u0131 en \u00fcst d\u00fczeye \u00e7\u0131kararak mutfa\u011f\u0131n\u0131zda g\u00fcvenle \u00e7al\u0131\u015fman\u0131z\u0131 sa\u011flar. Y\u00fcksek kaliteli \u00fcr\u00fcnlerimizle ya\u011f kal\u0131nt\u0131lar\u0131n\u0131, kirleri ve bakterileri etkili bir \u015fekilde temizler, parlak ve hijyenik bir ortam olu\u015fturur. G\u00fc\u00e7l\u00fc Ya\u011f \u00c7\u00f6z\u00fcc\u00fcler: Zorlu ya\u011f lekelerini h\u0131zl\u0131 [&hellip;]","og_url":"http:\/\/www.bychemgroup.com\/index.php\/mutfak-urunleri\/","og_site_name":"BYChemGroup","article_modified_time":"2024-11-04T10:28:58+00:00","og_image":[{"width":768,"height":300,"url":"http:\/\/www.bychemgroup.com\/wp-content\/uploads\/2024\/11\/cleantecpro-m.png","type":"image\/png"}],"twitter_card":"summary_large_image","twitter_site":"@bychemgroup","twitter_misc":{"Est. reading time":"3 minutes"},"schema":{"@context":"https:\/\/schema.org","@graph":[{"@type":"WebPage","@id":"http:\/\/www.bychemgroup.com\/index.php\/mutfak-urunleri\/","url":"http:\/\/www.bychemgroup.com\/index.php\/mutfak-urunleri\/","name":"Mutfak \u00dcr\u00fcnleri - BYChemGroup","isPartOf":{"@id":"http:\/\/www.bychemgroup.com\/#website"},"primaryImageOfPage":{"@id":"http:\/\/www.bychemgroup.com\/index.php\/mutfak-urunleri\/#primaryimage"},"image":{"@id":"http:\/\/www.bychemgroup.com\/index.php\/mutfak-urunleri\/#primaryimage"},"thumbnailUrl":"http:\/\/www.bychemgroup.com\/wp-content\/uploads\/2024\/11\/cleantecpro-m.png","datePublished":"2024-11-03T13:16:14+00:00","dateModified":"2024-11-04T10:28:58+00:00","breadcrumb":{"@id":"http:\/\/www.bychemgroup.com\/index.php\/mutfak-urunleri\/#breadcrumb"},"inLanguage":"en","potentialAction":[{"@type":"ReadAction","target":["http:\/\/www.bychemgroup.com\/index.php\/mutfak-urunleri\/"]}]},{"@type":"ImageObject","inLanguage":"en","@id":"http:\/\/www.bychemgroup.com\/index.php\/mutfak-urunleri\/#primaryimage","url":"http:\/\/www.bychemgroup.com\/wp-content\/uploads\/2024\/11\/cleantecpro-m.png","contentUrl":"http:\/\/www.bychemgroup.com\/wp-content\/uploads\/2024\/11\/cleantecpro-m.png"},{"@type":"BreadcrumbList","@id":"http:\/\/www.bychemgroup.com\/index.php\/mutfak-urunleri\/#breadcrumb","itemListElement":[{"@type":"ListItem","position":1,"name":"Home","item":"http:\/\/www.bychemgroup.com\/"},{"@type":"ListItem","position":2,"name":"Mutfak \u00dcr\u00fcnleri"}]},{"@type":"WebSite","@id":"http:\/\/www.bychemgroup.com\/#website","url":"http:\/\/www.bychemgroup.com\/","name":"BYChemGroup","description":"Innovative Industrial Solutions","publisher":{"@id":"http:\/\/www.bychemgroup.com\/#organization"},"potentialAction":[{"@type":"SearchAction","target":{"@type":"EntryPoint","urlTemplate":"http:\/\/www.bychemgroup.com\/?s={search_term_string}"},"query-input":{"@type":"PropertyValueSpecification","valueRequired":true,"valueName":"search_term_string"}}],"inLanguage":"en"},{"@type":"Organization","@id":"http:\/\/www.bychemgroup.com\/#organization","name":"BYChemGroup","url":"http:\/\/www.bychemgroup.com\/","logo":{"@type":"ImageObject","inLanguage":"en","@id":"http:\/\/www.bychemgroup.com\/#\/schema\/logo\/image\/","url":"http:\/\/www.bychemgroup.com\/wp-content\/uploads\/2024\/11\/sitelog179x99o.png","contentUrl":"http:\/\/www.bychemgroup.com\/wp-content\/uploads\/2024\/11\/sitelog179x99o.png","width":179,"height":99,"caption":"BYChemGroup"},"image":{"@id":"http:\/\/www.bychemgroup.com\/#\/schema\/logo\/image\/"},"sameAs":["https:\/\/x.com\/bychemgroup","https:\/\/www.instagram.com\/bychemgroup","https:\/\/www.linkedin.com\/company\/bychem-group\/","https:\/\/www.youtube.com\/@bychemgroup"]}]}},"_links":{"self":[{"href":"http:\/\/www.bychemgroup.com\/index.php\/wp-json\/wp\/v2\/pages\/364","targetHints":{"allow":["GET"]}}],"collection":[{"href":"http:\/\/www.bychemgroup.com\/index.php\/wp-json\/wp\/v2\/pages"}],"about":[{"href":"http:\/\/www.bychemgroup.com\/index.php\/wp-json\/wp\/v2\/types\/page"}],"author":[{"embeddable":true,"href":"http:\/\/www.bychemgroup.com\/index.php\/wp-json\/wp\/v2\/users\/1"}],"replies":[{"embeddable":true,"href":"http:\/\/www.bychemgroup.com\/index.php\/wp-json\/wp\/v2\/comments?post=364"}],"version-history":[{"count":16,"href":"http:\/\/www.bychemgroup.com\/index.php\/wp-json\/wp\/v2\/pages\/364\/revisions"}],"predecessor-version":[{"id":480,"href":"http:\/\/www.bychemgroup.com\/index.php\/wp-json\/wp\/v2\/pages\/364\/revisions\/480"}],"wp:attachment":[{"href":"http:\/\/www.bychemgroup.com\/index.php\/wp-json\/wp\/v2\/media?parent=364"}],"curies":[{"name":"wp","href":"https:\/\/api.w.org\/{rel}","templated":true}]}}